{"id":2,"date":"2013-12-05T13:10:34","date_gmt":"2013-12-05T13:10:34","guid":{"rendered":"http:\/\/www.spiritualfaya.com\/wordpress\/?page_id=2"},"modified":"2016-05-23T17:44:21","modified_gmt":"2016-05-23T15:44:21","slug":"przykladowa-strona","status":"publish","type":"page","link":"http:\/\/www.spiritualfaya.com\/SFiction\/?page_id=2","title":{"rendered":"99 % Goryczy"},"content":{"rendered":"<p><a href=\"http:\/\/www.spiritualfaya.com\/SFiction\/wp-content\/uploads\/2013\/12\/lecac-koszulka1.jpg\"><img loading=\"lazy\" decoding=\"async\" class=\"alignleft  wp-image-507\" src=\"http:\/\/www.spiritualfaya.com\/SFiction\/wp-content\/uploads\/2013\/12\/lecac-koszulka1-236x300.jpg\" alt=\"lecac koszulka1\" width=\"81\" height=\"103\" srcset=\"http:\/\/www.spiritualfaya.com\/SFiction\/wp-content\/uploads\/2013\/12\/lecac-koszulka1-236x300.jpg 236w, http:\/\/www.spiritualfaya.com\/SFiction\/wp-content\/uploads\/2013\/12\/lecac-koszulka1-805x1024.jpg 805w, http:\/\/www.spiritualfaya.com\/SFiction\/wp-content\/uploads\/2013\/12\/lecac-koszulka1-60x76.jpg 60w, http:\/\/www.spiritualfaya.com\/SFiction\/wp-content\/uploads\/2013\/12\/lecac-koszulka1.jpg 982w\" sizes=\"(max-width: 81px) 100vw, 81px\" \/><\/a>Zbiorek 99 short stories, w kt\u00f3rych zataczam si\u0119 pomi\u0119dzy rubie\u017cami teologii eksperymentalnej, fantastyki psychodelicznej i znaczeniem ludzkiej tragedii. Brn\u0105c przez 99 histerycznych utrace\u0144 sensu szukam cho\u0107 jedynego wytchnienia od tej samonap\u0119dzaj\u0105cej si\u0119 turbiny cierpienia, zwanej \u017cyciem.<\/p>\n<p>&nbsp;<\/p>\n<p>&nbsp;<\/p>\n<p><strong>Oto kilka opowiadanek z tego zbiorku:<\/strong><\/p>\n<p>&nbsp;<\/p>\n<pre><code>[catlist name=\"99-goryczy\"]<\/code><\/pre>\n","protected":false},"excerpt":{"rendered":"<p>Zbiorek 99 short stories, w kt\u00f3rych zataczam si\u0119 pomi\u0119dzy rubie\u017cami teologii eksperymentalnej, fantastyki psychodelicznej i znaczeniem ludzkiej tragedii. Brn\u0105c przez 99 histerycznych utrace\u0144 sensu szukam cho\u0107 jedynego wytchnienia od tej samonap\u0119dzaj\u0105cej si\u0119 turbiny cierpienia, zwanej \u017cyciem. &nbsp; &nbsp; Oto kilka opowiadanek z tego zbiorku: &nbsp; [catlist name=&#8221;99-goryczy&#8221;]<\/p>\n","protected":false},"author":1,"featured_media":507,"parent":0,"menu_order":0,"comment_status":"closed","ping_status":"closed","template":"","meta":{"footnotes":""},"_links":{"self":[{"href":"http:\/\/www.spiritualfaya.com\/SFiction\/index.php?rest_route=\/wp\/v2\/pages\/2"}],"collection":[{"href":"http:\/\/www.spiritualfaya.com\/SFiction\/index.php?rest_route=\/wp\/v2\/pages"}],"about":[{"href":"http:\/\/www.spiritualfaya.com\/SFiction\/index.php?rest_route=\/wp\/v2\/types\/page"}],"author":[{"embeddable":true,"href":"http:\/\/www.spiritualfaya.com\/SFiction\/index.php?rest_route=\/wp\/v2\/users\/1"}],"replies":[{"embeddable":true,"href":"http:\/\/www.spiritualfaya.com\/SFiction\/index.php?rest_route=%2Fwp%2Fv2%2Fcomments&post=2"}],"version-history":[{"count":15,"href":"http:\/\/www.spiritualfaya.com\/SFiction\/index.php?rest_route=\/wp\/v2\/pages\/2\/revisions"}],"predecessor-version":[{"id":633,"href":"http:\/\/www.spiritualfaya.com\/SFiction\/index.php?rest_route=\/wp\/v2\/pages\/2\/revisions\/633"}],"wp:featuredmedia":[{"embeddable":true,"href":"http:\/\/www.spiritualfaya.com\/SFiction\/index.php?rest_route=\/wp\/v2\/media\/507"}],"wp:attachment":[{"href":"http:\/\/www.spiritualfaya.com\/SFiction\/index.php?rest_route=%2Fwp%2Fv2%2Fmedia&parent=2"}],"curies":[{"name":"wp","href":"https:\/\/api.w.org\/{rel}","templated":true}]}}